{"id":13,"date":"2015-10-26T11:46:58","date_gmt":"2015-10-26T11:46:58","guid":{"rendered":"http:\/\/www.runsolutions.com\/?page_id=13"},"modified":"2015-12-01T09:30:34","modified_gmt":"2015-12-01T09:30:34","slug":"openstack","status":"publish","type":"page","link":"https:\/\/www.runsolutions.com\/?page_id=13","title":{"rendered":"Openstack"},"content":{"rendered":"<div class=\"fusion-title title fusion-title-size-two tituloSlider\"><h2 class=\"title-heading-left\">+ INFO<\/h2><div class=\"title-sep-container\"><div class=\"title-sep sep-none\"><\/div><\/div><\/div><span class=\"fusion-imageframe imageframe-none imageframe-1 runPageImage fusion-animated\" data-animationType=\"fadeIn\" data-animationDuration=\"1\"> <img decoding=\"async\" alt=\"RUNSOLUTIONS\" src=\"https:\/\/www.runsolutions.com\/wp-content\/uploads\/2015\/10\/cloudLogoPage.png\" class=\"img-responsive\"\/><\/span><div class=\"fusion-fullwidth fullwidth-box fusion-fullwidth-1  fusion-parallax-none runPage\" style=\"border-color:#eae9e9;border-bottom-width: 0px;border-top-width: 0px;border-bottom-style: solid;border-top-style: solid;padding-bottom:20px;padding-left:0px;padding-right:0px;padding-top:20px;background-position:left top;background-repeat:no-repeat;-webkit-background-size:cover;-moz-background-size:cover;-o-background-size:cover;background-size:cover;\"><style type=\"text\/css\" scoped=\"scoped\">.fusion-fullwidth-1 {\n\t\t\t\t\t\t\tpadding-left: 0px !important;\n\t\t\t\t\t\t\tpadding-right: 0px !important;\n\t\t\t\t\t\t}<\/style><div class=\"fusion-row\"><div class=\"fusion-two-third fusion-layout-column fusion-spacing-yes\" style=\"margin-top:0px;margin-bottom:20px;\"><div class=\"fusion-column-wrapper\"><div class=\"fusion-title title fusion-title-size-one\"><h1 class=\"title-heading-left\">OpenStack<\/h1><div class=\"title-sep-container\"><div class=\"title-sep sep-double\"><\/div><\/div><\/div><p>La soluci\u00f3n completa para nubes privadas, h\u00edbridas y p\u00fablicas<\/p>\n<\/p>\n<p><strong>HA LLEGADO EL MOMENTO DE IR PENSANDO EN MIGRAR NUESTRA INFRAESTRUCTURA A LA NUBE C\u00d3MO SERVICIO, LA INTEGRACI\u00d3N DE SU EMPRESA EN EL CLOUD ES CUESTI\u00d3N DE TIEMPO Y DEBEMOS IR AVANZANDO EN LA INTEGRACI\u00d3N DE UNA SOLUCI\u00d3N Y EN RUNSOLUTIONS SOMOS CONSCIENTES DE ELLO.  <\/strong><\/p>\n<p>Junto  a nuestro partner Ubuntu (Canonical) y  nuestro equipo de consultores altamente experimentado en OpenStack podemos ayudar a configurar su infraestructura de nube completa, desde elegir los componentes adecuados para gestionar por completo su infraestructura en cloud, privado o h\u00edbrido, la integraci\u00f3n con clouds p\u00fablicos c\u00f3mo Amazon EC2 \u00a9, Rackspace \u00a9,Windows Azure \u00a9, Vmware \u00a9 u otros mediante API&#8217;s se integran trasparentemente.<\/p>\n<p>En Runsolutions tambi\u00e9n somos conscientes de que un cambio de infraetructura es complejo, por ello mediante la soluci\u00f3n <strong> BootStack<\/strong> dise\u00f1amos la soluci\u00f3n cloud, la integramos en sus sistemas, la ponemos en producci\u00f3n y la administramos hasta que los t\u00e9cnicos de la organizaci\u00f3n est\u00e9n capacitados para el relevo en la administraci\u00f3n y quedarnos en soporte de segundo nivel.<\/p>\n<p>Tambi\u00e9n le ayudamos certificar a sus t\u00e9cnicos en Openstack a trav\u00e9s de nuestra formaci\u00f3n Openstack en colaboraci\u00f3n con Canonical-Ubuntu.<\/p>\n<p>Ubuntu lider en soluci\u00f3n cloud, el 60% de los cloud\u2019s en producci\u00f3n  se ejecutan en Ubuntu Cloud, y el 55% en Ubuntu Openstack. Muchos de estos despliegues tienen requisitos muy estrictos para el almacenamiento de calidad de la empresa. Runsolutions y Canonical juntos cumplen estos requisitos, proporcionando una arquitectura de referencia.<\/p>\n<\/div><\/div><div class=\"fusion-one-third one_third fusion-layout-column fusion-column-last fusion-spacing-yes\" style=\"margin-top:0px;margin-bottom:20px;\"><div class=\"fusion-column-wrapper\"><div class=\"fusion-title title fusion-title-size-three titleServicios\"><h3 class=\"title-heading-left\">SERVICIOS<\/h3><div class=\"title-sep-container\"><div class=\"title-sep sep-double\"><\/div><\/div><\/div><ul class=\"pageUl\">\n<li><span>Dise\u00f1o de arquitectura de la nube Openstack<\/span><\/li>\n<li><span>Despliegue de Openstack<\/span><\/li>\n<li><span>Escalado de Openstack<\/span><\/li>\n<li><span>Migraci\u00f3n a Openstack<\/span><\/li>\n<li><span>Automatizar Openstack<\/span><\/li>\n<li><span>Formaci\u00f3n Openstack<\/span><\/li>\n<li><span>Gesti\u00f3n de infraestructuras Openstack<\/span><\/li>\n<li><span>Soporte a Openstack<\/span><\/li>\n<\/ul>\n<\/div><\/div><div class=\"fusion-clearfix\"><\/div><div class=\"fusion-sep-clear\"><\/div><div class=\"fusion-separator fusion-full-width-sep sep-none\" style=\"border-color:#e0dede;margin-left: auto;margin-right: auto;margin-top:50px;\"><\/div><div class=\"fusion-one-fourth fusion-layout-column fusion-spacing-yes\" style=\"margin-top:0px;margin-bottom:20px;\"><div class=\"fusion-column-wrapper\"><div class=\"fusion-counters-circle counters-circle\"><div class=\"counter-circle-wrapper\" style=\"height:222px;width:222px;line-height:222px;\"><div class=\"fusion-counter-circle counter-circle counter-circle-content\" data-percent=\"55\" data-countdown=\"1\" data-filledcolor=\"#00afe3\" data-unfilledcolor=\"#b3e2f2\" data-scale=\"\" data-size=\"222\" data-speed=\"1500\" data-strokesize=\"11.1\" style=\"font-size:50.454545454545px;height:222px;width:222px;line-height:222px;\">55%<\/div><\/div><\/div><div class=\"fusion-title title fusion-title-size-two tituloCircle\"><h2 class=\"title-heading-left\">UBUNTU<\/h2><div class=\"title-sep-container\"><div class=\"title-sep sep-double\"><\/div><\/div><\/div><\/div><\/div><div class=\"fusion-one-fourth fusion-layout-column fusion-spacing-yes\" style=\"margin-top:0px;margin-bottom:20px;\"><div class=\"fusion-column-wrapper\"><div class=\"fusion-counters-circle counters-circle\"><div class=\"counter-circle-wrapper\" style=\"height:222px;width:222px;line-height:222px;\"><div class=\"fusion-counter-circle counter-circle counter-circle-content\" data-percent=\"12\" data-countdown=\"1\" data-filledcolor=\"#00afe3\" data-unfilledcolor=\"#b3e2f2\" data-scale=\"\" data-size=\"222\" data-speed=\"1500\" data-strokesize=\"11.1\" style=\"font-size:50.454545454545px;height:222px;width:222px;line-height:222px;\">12%<\/div><\/div><\/div><div class=\"fusion-title title fusion-title-size-two tituloCircle\"><h2 class=\"title-heading-left\">RHEL<\/h2><div class=\"title-sep-container\"><div class=\"title-sep sep-double\"><\/div><\/div><\/div><\/div><\/div><div class=\"fusion-one-fourth fusion-layout-column fusion-spacing-yes\" style=\"margin-top:0px;margin-bottom:20px;\"><div class=\"fusion-column-wrapper\"><div class=\"fusion-counters-circle counters-circle\"><div class=\"counter-circle-wrapper\" style=\"height:222px;width:222px;line-height:222px;\"><div class=\"fusion-counter-circle counter-circle counter-circle-content\" data-percent=\"19\" data-countdown=\"1\" data-filledcolor=\"#00afe3\" data-unfilledcolor=\"#b3e2f2\" data-scale=\"\" data-size=\"222\" data-speed=\"1500\" data-strokesize=\"11.1\" style=\"font-size:50.454545454545px;height:222px;width:222px;line-height:222px;\">19%<\/div><\/div><\/div><div class=\"fusion-title title fusion-title-size-two tituloCircle\"><h2 class=\"title-heading-left\">CENTOS<\/h2><div class=\"title-sep-container\"><div class=\"title-sep sep-double\"><\/div><\/div><\/div><\/div><\/div><div class=\"fusion-one-fourth fusion-layout-column fusion-column-last fusion-spacing-yes\" style=\"margin-top:0px;margin-bottom:20px;\"><div class=\"fusion-column-wrapper\"><div class=\"fusion-counters-circle counters-circle\"><div class=\"counter-circle-wrapper\" style=\"height:222px;width:222px;line-height:222px;\"><div class=\"fusion-counter-circle counter-circle counter-circle-content\" data-percent=\"16\" data-countdown=\"1\" data-filledcolor=\"#00afe3\" data-unfilledcolor=\"#b3e2f2\" data-scale=\"\" data-size=\"222\" data-speed=\"1500\" data-strokesize=\"11.1\" style=\"font-size:50.454545454545px;height:222px;width:222px;line-height:222px;\">16%<\/div><\/div><\/div><div class=\"fusion-title title fusion-title-size-two tituloCircle\"><h2 class=\"title-heading-left\">OTROS<\/h2><div class=\"title-sep-container\"><div class=\"title-sep sep-double\"><\/div><\/div><\/div><\/div><\/div><div class=\"fusion-clearfix\"><\/div><\/div><\/div><p>La infraestructura de Ubuntu nos permite un despliegue OpenStack y  la realizaci\u00f3n deoperaciones totalmente automatizadas<br \/>\nEl escaneo de Hardware inteligente optimiza la arquitectura cloud y el escalado, mediante el despliegue de contenedores facilita la administraci\u00f3n y permite una f\u00e1cil administraci\u00f3n sin amplios conocimientos t\u00e9cnicos en su d\u00eda a d\u00eda  <\/p>\n<span class=\"fusion-imageframe imageframe-none imageframe-2 openStackTable\"> <img decoding=\"async\" alt=\"RUNSOLUTIONS\" src=\"https:\/\/www.runsolutions.com\/wp-content\/uploads\/2015\/10\/openStackTable2.jpg\" class=\"img-responsive\"\/><\/span><div class=\"fusion-sep-clear\"><\/div><div class=\"fusion-separator fusion-full-width-sep sep-single\" style=\"border-color:#000000;border-top-width:1px;margin-left: auto;margin-right: auto;margin-top:50px;margin-bottom:20px;\"><\/div><span class=\"fusion-imageframe imageframe-none imageframe-3 imgFloat fusion-animated\" data-animationType=\"fadeIn\" data-animationDuration=\"1\"><a class=\"fusion-no-lightbox\" href=\"https:\/\/www.openstack.org\/\" target=\"_blank\"> <img decoding=\"async\" alt=\"Openstack\" src=\"https:\/\/www.runsolutions.com\/wp-content\/uploads\/2015\/10\/openstack.jpg\" class=\"img-responsive\"\/><\/a><\/span><span class=\"fusion-imageframe imageframe-none imageframe-4 imgFloat fusion-animated\" data-animationType=\"fadeIn\" data-animationDuration=\"1\"> <img decoding=\"async\" alt=\"ubuntu\" src=\"https:\/\/www.runsolutions.com\/wp-content\/uploads\/2015\/10\/ubuntu.jpg\" class=\"img-responsive\"\/><\/span><span class=\"fusion-imageframe imageframe-none imageframe-5 imgFloat fusion-animated\" data-animationType=\"fadeIn\" data-animationDuration=\"1\"><a class=\"fusion-no-lightbox\" href=\"http:\/\/partners.ubuntu.com\/find-a-partner?search=runsolutions\" target=\"_self\"> <img decoding=\"async\" alt=\"ubuntu\" src=\"https:\/\/www.runsolutions.com\/wp-content\/uploads\/2015\/10\/cloudPartner.jpg\" class=\"img-responsive\"\/><\/a><\/span>\n","protected":false},"excerpt":{"rendered":"","protected":false},"author":1,"featured_media":0,"parent":11,"menu_order":0,"comment_status":"closed","ping_status":"closed","template":"","meta":{"footnotes":""},"_links":{"self":[{"href":"https:\/\/www.runsolutions.com\/index.php?rest_route=\/wp\/v2\/pages\/13"}],"collection":[{"href":"https:\/\/www.runsolutions.com\/index.php?rest_route=\/wp\/v2\/pages"}],"about":[{"href":"https:\/\/www.runsolutions.com\/index.php?rest_route=\/wp\/v2\/types\/page"}],"author":[{"embeddable":true,"href":"https:\/\/www.runsolutions.com\/index.php?rest_route=\/wp\/v2\/users\/1"}],"replies":[{"embeddable":true,"href":"https:\/\/www.runsolutions.com\/index.php?rest_route=%2Fwp%2Fv2%2Fcomments&post=13"}],"version-history":[{"count":50,"href":"https:\/\/www.runsolutions.com\/index.php?rest_route=\/wp\/v2\/pages\/13\/revisions"}],"predecessor-version":[{"id":323,"href":"https:\/\/www.runsolutions.com\/index.php?rest_route=\/wp\/v2\/pages\/13\/revisions\/323"}],"up":[{"embeddable":true,"href":"https:\/\/www.runsolutions.com\/index.php?rest_route=\/wp\/v2\/pages\/11"}],"wp:attachment":[{"href":"https:\/\/www.runsolutions.com\/index.php?rest_route=%2Fwp%2Fv2%2Fmedia&parent=13"}],"curies":[{"name":"wp","href":"https:\/\/api.w.org\/{rel}","templated":true}]}}