{"id":17,"date":"2015-10-26T11:47:42","date_gmt":"2015-10-26T11:47:42","guid":{"rendered":"http:\/\/www.runsolutions.com\/?page_id=17"},"modified":"2016-12-15T11:49:54","modified_gmt":"2016-12-15T10:49:54","slug":"bacula","status":"publish","type":"page","link":"https:\/\/www.runsolutions.com\/?page_id=17","title":{"rendered":"Bacula &#8211; Open Source Backup"},"content":{"rendered":"<div class=\"fusion-title title fusion-title-size-two tituloSlider\"><h2 class=\"title-heading-left\">+ INFO<\/h2><div class=\"title-sep-container\"><div class=\"title-sep sep-none\"><\/div><\/div><\/div><span class=\"fusion-imageframe imageframe-none imageframe-1 runPageImage fusion-animated\" data-animationType=\"fadeIn\" data-animationDuration=\"1\"> <img decoding=\"async\" alt=\"BACULA\" src=\"https:\/\/www.runsolutions.com\/wp-content\/uploads\/2015\/10\/baculaLogo.png\" class=\"img-responsive\"\/><\/span><div class=\"fusion-fullwidth fullwidth-box fusion-fullwidth-1  fusion-parallax-none runPage\" style=\"border-color:#eae9e9;border-bottom-width: 0px;border-top-width: 0px;border-bottom-style: solid;border-top-style: solid;padding-bottom:20px;padding-left:0px;padding-right:0px;padding-top:20px;background-position:left top;background-repeat:no-repeat;-webkit-background-size:cover;-moz-background-size:cover;-o-background-size:cover;background-size:cover;\"><style type=\"text\/css\" scoped=\"scoped\">.fusion-fullwidth-1 {\n\t\t\t\t\t\t\tpadding-left: 0px !important;\n\t\t\t\t\t\t\tpadding-right: 0px !important;\n\t\t\t\t\t\t}<\/style><div class=\"fusion-row\"><div class=\"fusion-two-third fusion-layout-column fusion-spacing-yes\" style=\"margin-top:0px;margin-bottom:20px;\"><div class=\"fusion-column-wrapper\"><div class=\"fusion-title title fusion-title-size-one\"><h1 class=\"title-heading-left\">Bacula &#8211; Backup and Restore <\/h1><div class=\"title-sep-container\"><div class=\"title-sep sep-double\"><\/div><\/div><\/div><p><strong>BACULA ES LA \u00daNICA SOLUCI\u00d3N DE BACKUP AND RECOVERY TOTALMENTE OPEN SOURCE PARA LA RECUPERACI\u00d3N DE DATOS Y VERIFICACI\u00d3N DE LOS DATOS INFORM\u00c1TICOS,TANTO EN EL CLOUD COMO EN SU ESTRUCTURA VERTICAL.<br \/>\n<P> OFRECE HASTA DIEZ VECES MENOR COSTE TOTAL DE PROPIEDAD FRENTE A SISTEMAS PROPIETARIOS, MAYOR FIABILIDAD Y EL RENDIMIENTO PROBADO EN ENTORNOS EMPRESARIALES DE MISI\u00d3N CR\u00cdTICA, ADEM\u00c1S DE SUPERAR EN RENDIMIENTO, SEGURIDAD Y FUNCIONALIDADES A OTRAS EMPRESAS DE SOLUCIONES PROPIETARIAS DE RECONOCIDO PRESTIGIO. <\/strong><\/p>\n<p>Bacula Enterprise posee clientes para todas las plataformas y escalable para realizar copias a m\u00e1s de 1000 servidores, con plugins para realizar backup de toda su infraestructura, servicios, aplicaciones y BB.DD del mercado.<\/p>\n<p>Bacula es la \u00fanica soluci\u00f3n certificada y seleccionada para ser incluida en las principales distribuciones de Linux y Runsolutions es la primera empresa como Partner certificado para Espa\u00f1a <\/p>\n<p>Desde 2002, miles de organizaciones en todo el mundo han adoptado Bacula en la misi\u00f3n de entornos cr\u00edticos, gracias a su moderno dise\u00f1o, modulares y multi-threaded. <\/p>\n<p>Bacula fue dise\u00f1ado desde cero con este tipo de apoyo de base de datos relacional, una amplia gama de plataformas de servidores y soporte al cliente heterog\u00e9neos. Empresas dedicadas exclusivamente a soluciones de copias de seguridad de datos en misi\u00f3n cr\u00edtica recomienda el uso de Bacula Enterprise Edition. <\/p>\n<span class=\"fusion-imageframe imageframe-none imageframe-2 openStackTable\"> <img decoding=\"async\" alt=\"\" src=\"https:\/\/www.runsolutions.com\/wp-content\/uploads\/2015\/10\/baculaTable.png\" class=\"img-responsive\"\/><\/span><\/div><\/div><div class=\"fusion-one-third one_third fusion-layout-column fusion-column-last fusion-spacing-yes\" style=\"margin-top:0px;margin-bottom:20px;\"><div class=\"fusion-column-wrapper\"><div class=\"fusion-title title fusion-title-size-three titleServicios\"><h3 class=\"title-heading-left\">SERVICIOS<\/h3><div class=\"title-sep-container\"><div class=\"title-sep sep-double\"><\/div><\/div><\/div><ul class=\"pageUl\">\n<li><span>Despliegue  de la infraestructura Bacula<\/span><\/li>\n<li><span>Escalado de  los Directors de Bacula<\/span><\/li>\n<li><span>Migraci\u00f3n  de Bacula Open Source a Bacula enterprise<\/span><\/li>\n<li><span>Formaci\u00f3n de Bacula Enterprise<\/span><\/li>\n<\/ul>\n<\/div><\/div><div class=\"fusion-clearfix\"><\/div><\/div><\/div><div class=\"fusion-sep-clear\"><\/div><div class=\"fusion-separator fusion-full-width-sep sep-single\" style=\"border-color:#000000;border-top-width:4px;margin-left: auto;margin-right: auto;margin-top:50px;margin-bottom:20px;\"><\/div><span class=\"fusion-imageframe imageframe-none imageframe-3 fusion-animated\" data-animationType=\"fadeIn\" data-animationDuration=\"1\"><a class=\"fusion-no-lightbox\" href=\"http:\/\/www.baculasystems.com\/\" target=\"_blank\"> <img decoding=\"async\" alt=\"Openstack\" src=\"https:\/\/www.runsolutions.com\/wp-content\/uploads\/2015\/11\/bacula.jpg\" class=\"img-responsive\"\/><\/a><\/span>\n","protected":false},"excerpt":{"rendered":"","protected":false},"author":1,"featured_media":0,"parent":11,"menu_order":0,"comment_status":"closed","ping_status":"closed","template":"","meta":{"footnotes":""},"_links":{"self":[{"href":"https:\/\/www.runsolutions.com\/index.php?rest_route=\/wp\/v2\/pages\/17"}],"collection":[{"href":"https:\/\/www.runsolutions.com\/index.php?rest_route=\/wp\/v2\/pages"}],"about":[{"href":"https:\/\/www.runsolutions.com\/index.php?rest_route=\/wp\/v2\/types\/page"}],"author":[{"embeddable":true,"href":"https:\/\/www.runsolutions.com\/index.php?rest_route=\/wp\/v2\/users\/1"}],"replies":[{"embeddable":true,"href":"https:\/\/www.runsolutions.com\/index.php?rest_route=%2Fwp%2Fv2%2Fcomments&post=17"}],"version-history":[{"count":10,"href":"https:\/\/www.runsolutions.com\/index.php?rest_route=\/wp\/v2\/pages\/17\/revisions"}],"predecessor-version":[{"id":352,"href":"https:\/\/www.runsolutions.com\/index.php?rest_route=\/wp\/v2\/pages\/17\/revisions\/352"}],"up":[{"embeddable":true,"href":"https:\/\/www.runsolutions.com\/index.php?rest_route=\/wp\/v2\/pages\/11"}],"wp:attachment":[{"href":"https:\/\/www.runsolutions.com\/index.php?rest_route=%2Fwp%2Fv2%2Fmedia&parent=17"}],"curies":[{"name":"wp","href":"https:\/\/api.w.org\/{rel}","templated":true}]}}