{"id":19,"date":"2015-10-26T11:48:03","date_gmt":"2015-10-26T11:48:03","guid":{"rendered":"http:\/\/www.runsolutions.com\/?page_id=19"},"modified":"2019-02-19T11:25:07","modified_gmt":"2019-02-19T10:25:07","slug":"voz-ip","status":"publish","type":"page","link":"https:\/\/www.runsolutions.com\/?page_id=19","title":{"rendered":"VoIP"},"content":{"rendered":"<div class=\"fusion-title title fusion-title-size-two tituloSlider\"><h2 class=\"title-heading-left\">+ INFO<\/h2><div class=\"title-sep-container\"><div class=\"title-sep sep-none\"><\/div><\/div><\/div><span class=\"fusion-imageframe imageframe-none imageframe-1 runPageImage fusion-animated\" data-animationType=\"fadeIn\" data-animationDuration=\"1\"> <img decoding=\"async\" src=\"https:\/\/www.runsolutions.com\/wp-content\/uploads\/2015\/10\/voiceIpLogo2.png\" alt=\"VOICE IP\"><\/span><div class=\"fusion-fullwidth fullwidth-box fusion-fullwidth-1  fusion-parallax-none runPage\" style=\"border-color:#eae9e9;border-bottom-width: 0px;border-top-width: 0px;border-bottom-style: solid;border-top-style: solid;padding-bottom:20px;padding-left:0px;padding-right:0px;padding-top:20px;background-position:left top;background-repeat:no-repeat;-webkit-background-size:cover;-moz-background-size:cover;-o-background-size:cover;background-size:cover;\"><style type=\"text\/css\" scoped=\"scoped\">.fusion-fullwidth-1 {\n\t\t\t\t\t\t\tpadding-left: 0px !important;\n\t\t\t\t\t\t\tpadding-right: 0px !important;\n\t\t\t\t\t\t}<\/style><div class=\"fusion-row\"><div class=\"fusion-two-third fusion-layout-column fusion-spacing-yes\" style=\"margin-top:0px;margin-bottom:20px;\"><div class=\"fusion-column-wrapper\"><div class=\"fusion-title title fusion-title-size-one\"><h1 class=\"title-heading-left\">VoIP<\/h1><div class=\"title-sep-container\"><div class=\"title-sep sep-double\"><\/div><\/div><\/div><p><strong>CON UNA DILATADA EXPERIENCIA EN RUNSOLUTIONS LLEVAMOS INTEGRANDO SOLUCIONES DE VOZ SOBRE IP PARA GRANDES CALL CENTERS, SOLUCIONES DE VOZ IVR,VXML Y CCXML PARA ENTORNOS EMPRESARIALES EN SOLUCIONES CR\u00cdTICAS COMO LA VOZ, INNOVANDO Y APORTANDO SOLUCIONES QUE REPRESENTAN UNA PERFECTA FUSI\u00d3N Y UNIFICACI\u00d3N DEL PROCESO DE GESTI\u00d3N DE NEGOCIO. <\/strong><\/p>\n<p>Dicha experiencia ha determinado que cada soluci\u00f3n de llevar la mejor tecnolog\u00eda y estabilidad por ello utilizamos tanto el Software open source Asterisk de Digiun como el de FreeSwitch en los entornos que mejor se adaptan cada uno, por que lo principal es la estabilidad y fiabilidad en entornos cr\u00edticos como la voz.<\/p>\n<p>Asterisk&#x2122; es m\u00e1s que voz sobre IP, es una centralita PBX sobre software libre, capaz de hacer converger e interoperar distintos tipos de sistemas de telefon\u00eda. Est\u00e1 compuesto de m\u00faltiples capas, siendo capaz de interoperar tanto sistemas TDM como de paquetes de voz, ofreciendo una plataforma altamente flexible para PBX y aplicaciones. Asterisk&#x2122; puede conmutar y traducir distintos tipos de protocolos de VoIP como SIP, MGCP y H.323, SCCP ( Cisco). Al mismo tiempo es una potente plataforma como servidor de aplicaciones de voz para caracter\u00edsticas avanzadas como llamadas predictivas, IVR, PBX central y remota conferencias, videoconferencias, soluciones Call Center, ACD, soluciones CTI.<\/p>\n<span class=\"fusion-imageframe imageframe-none imageframe-2 openStackTable\"> <img decoding=\"async\" src=\"https:\/\/www.runsolutions.com\/wp-content\/uploads\/2015\/10\/vozIpImage.jpg\" alt=\"\"><\/span><\/div><\/div><div class=\"fusion-one-third one_third fusion-layout-column fusion-column-last fusion-spacing-yes\" style=\"margin-top:0px;margin-bottom:20px;\"><div class=\"fusion-column-wrapper\"><div class=\"fusion-title title fusion-title-size-two titleServicios\"><h2 class=\"title-heading-left\">Servicios<\/h2><div class=\"title-sep-container\"><div class=\"title-sep sep-double\"><\/div><\/div><\/div><ul class=\"pageUl\">\n<li>Dise\u00f1o de arquitectura voIP<\/li>\n<li>Integraci\u00f3n de Call Centers<\/li>\n<li>Desarrollos VoiceXML IVR<\/li>\n<li>Integraci\u00f3n soluciones TTS y ASR<\/li>\n<li>Integraci\u00f3n de SIP server Kmailio<\/li>\n<li>Dise\u00f1o de Asterisk HA<\/li>\n<li>Gesti\u00f3n de infraestructuras Asterisk<\/li>\n<li>Soporte a Asterisk<\/li>\n<\/ul>\n<\/div><\/div><div class=\"fusion-clearfix\"><\/div><\/div><\/div><div class=\"fusion-fullwidth fullwidth-box fusion-fullwidth-2  fusion-parallax-none runPage\" style=\"border-color:#eae9e9;border-bottom-width: 0px;border-top-width: 0px;border-bottom-style: solid;border-top-style: solid;padding-bottom:20px;padding-left:0px;padding-right:0px;padding-top:20px;background-position:left top;background-repeat:no-repeat;-webkit-background-size:cover;-moz-background-size:cover;-o-background-size:cover;background-size:cover;\"><style type=\"text\/css\" scoped=\"scoped\">.fusion-fullwidth-2 {\n\t\t\t\t\t\t\tpadding-left: 0px !important;\n\t\t\t\t\t\t\tpadding-right: 0px !important;\n\t\t\t\t\t\t}<\/style><div class=\"fusion-row\"><\/div><\/div><div class=\"fusion-sep-clear\"><\/div><div class=\"fusion-separator fusion-full-width-sep sep-single\" style=\"border-color:#000000;border-top-width:1px;margin-left: auto;margin-right: auto;margin-top:50px;margin-bottom:20px;\"><\/div><span class=\"fusion-imageframe imageframe-none imageframe-3 imgFloat fusion-animated\" data-animationType=\"fadeIn\" data-animationDuration=\"1\"><a class=\"fusion-no-lightbox\" href=\"http:\/\/www.asterisk.org\/\" target=\"_blank\"> <img decoding=\"async\" src=\"https:\/\/www.runsolutions.com\/wp-content\/uploads\/2015\/10\/asterisk1.jpg\" alt=\"ASTERISK\"><\/a><\/span><span class=\"fusion-imageframe imageframe-none imageframe-4 imgFloat fusion-animated\" data-animationType=\"fadeIn\" data-animationDuration=\"1\"><a class=\"fusion-no-lightbox\" href=\"http:\/\/www.i6net.org\/\" target=\"_blank\"> <img decoding=\"async\" src=\"https:\/\/www.runsolutions.com\/wp-content\/uploads\/2015\/10\/ivr1.jpg\" alt=\"I6net\"><\/a><\/span><span class=\"fusion-imageframe imageframe-none imageframe-5 imgFloat fusion-animated\" data-animationType=\"fadeIn\" data-animationDuration=\"1\"><a class=\"fusion-no-lightbox\" href=\"https:\/\/www.digium.com\/\" target=\"_blank\"> <img decoding=\"async\" src=\"https:\/\/www.runsolutions.com\/wp-content\/uploads\/2015\/10\/digium2.jpg\" alt=\"DIGIUM\"><\/a><\/span>\n","protected":false},"excerpt":{"rendered":"","protected":false},"author":1,"featured_media":0,"parent":11,"menu_order":0,"comment_status":"closed","ping_status":"closed","template":"","meta":{"footnotes":""},"_links":{"self":[{"href":"https:\/\/www.runsolutions.com\/index.php?rest_route=\/wp\/v2\/pages\/19"}],"collection":[{"href":"https:\/\/www.runsolutions.com\/index.php?rest_route=\/wp\/v2\/pages"}],"about":[{"href":"https:\/\/www.runsolutions.com\/index.php?rest_route=\/wp\/v2\/types\/page"}],"author":[{"embeddable":true,"href":"https:\/\/www.runsolutions.com\/index.php?rest_route=\/wp\/v2\/users\/1"}],"replies":[{"embeddable":true,"href":"https:\/\/www.runsolutions.com\/index.php?rest_route=%2Fwp%2Fv2%2Fcomments&post=19"}],"version-history":[{"count":24,"href":"https:\/\/www.runsolutions.com\/index.php?rest_route=\/wp\/v2\/pages\/19\/revisions"}],"predecessor-version":[{"id":465,"href":"https:\/\/www.runsolutions.com\/index.php?rest_route=\/wp\/v2\/pages\/19\/revisions\/465"}],"up":[{"embeddable":true,"href":"https:\/\/www.runsolutions.com\/index.php?rest_route=\/wp\/v2\/pages\/11"}],"wp:attachment":[{"href":"https:\/\/www.runsolutions.com\/index.php?rest_route=%2Fwp%2Fv2%2Fmedia&parent=19"}],"curies":[{"name":"wp","href":"https:\/\/api.w.org\/{rel}","templated":true}]}}