{"id":424,"date":"2018-03-14T10:38:07","date_gmt":"2018-03-14T09:38:07","guid":{"rendered":"http:\/\/www.runsolutions.com\/?page_id=424"},"modified":"2018-03-14T10:40:37","modified_gmt":"2018-03-14T09:40:37","slug":"formacion","status":"publish","type":"page","link":"https:\/\/www.runsolutions.com\/?page_id=424","title":{"rendered":"Formaci\u00f3n"},"content":{"rendered":"<p><a href=\"https:\/\/www.runsolutions.com\/wp-content\/uploads\/2018\/01\/Authorized-Value-Added-Reseller_64x64_BW.png\"><img decoding=\"async\" loading=\"lazy\" class=\"alignnone size-full wp-image-386\" src=\"https:\/\/www.runsolutions.com\/wp-content\/uploads\/2018\/01\/Authorized-Value-Added-Reseller_64x64_BW.png\" alt=\"\" width=\"128\" height=\"128\" srcset=\"https:\/\/www.runsolutions.com\/wp-content\/uploads\/2018\/01\/Authorized-Value-Added-Reseller_64x64_BW.png 128w, https:\/\/www.runsolutions.com\/wp-content\/uploads\/2018\/01\/Authorized-Value-Added-Reseller_64x64_BW-66x66.png 66w\" sizes=\"(max-width: 128px) 100vw, 128px\" \/><\/a><a href=\"https:\/\/www.runsolutions.com\/wp-content\/uploads\/2018\/03\/kubernetes.png\"><img decoding=\"async\" loading=\"lazy\" class=\"alignnone size-medium wp-image-426\" src=\"https:\/\/www.runsolutions.com\/wp-content\/uploads\/2018\/03\/kubernetes-300x131.png\" alt=\"\" width=\"300\" height=\"131\" \/><\/a><\/p>\n<p>La tecnolog\u00eda de contenedores ha provocado un cambio radical en la tecnolog\u00eda de virtualizaci\u00f3n. Las organizaciones que implementan contenedores ven oportunidades considerables para mejorar la agilidad, eficiencia, velocidad y capacidad de gesti\u00f3n en sus entornos de TI. Los contenedores prometen mejorar la eficiencia y el rendimiento del centro de datos sin tener que realizar inversiones adicionales en hardware o infraestructura.<\/p>\n<p>Los hipervisors tradicionales proporcionan la forma m\u00e1s com\u00fan de virtualizaci\u00f3n, y las m\u00e1quinas virtuales que se ejecutan en dichos hipervisors son omnipresentes en casi todos los centros de datos.<\/p>\n<p>Los contenedores ofrecen una nueva forma de virtualizaci\u00f3n, proporcionando niveles de aislamiento de recursos casi equivalentes a los de un hipervisor tradicional. Sin embargo, los contenedores tienen menos gastos generales, tanto en t\u00e9rminos de menor huella de memoria como de mayor eficiencia. Esto significa que se puede lograr una densidad m\u00e1s alta &#8211; simplemente, puede obtener m\u00e1s por el mismo hardware.<\/p>\n<p>Los contenedores presentan una nueva oportunidad para que el CTO reduzca costos, aumente la agilidad y se traslade a una arquitectura m\u00e1s escalable y resistente. Sin embargo, los CTOs tambi\u00e9n deben reconocer que algunos casos de uso son m\u00e1s adecuados para los contenedores que otros, que aprovechar esta oportunidad requiere un reconocimiento de los costes de transici\u00f3n, y que en algunos casos este cambio en la infraestructura tambi\u00e9n plantea algunos retos<\/p>\n<p>Para poder ayudar a las empresas en Runsolutions impartimos cursos de formaci\u00f3n en uso de containers c\u00f3mo LXD, Docker y Kubernetes para los equipos tanto de desarrollo para los Sysops.<\/p>\n","protected":false},"excerpt":{"rendered":"<p>La tecnolog\u00eda de contenedores ha provocado un cambio radical en la tecnolog\u00eda de virtualizaci\u00f3n. Las organizaciones que implementan [&hellip;]<\/p>\n","protected":false},"author":2,"featured_media":0,"parent":0,"menu_order":0,"comment_status":"closed","ping_status":"closed","template":"","meta":{"footnotes":""},"_links":{"self":[{"href":"https:\/\/www.runsolutions.com\/index.php?rest_route=\/wp\/v2\/pages\/424"}],"collection":[{"href":"https:\/\/www.runsolutions.com\/index.php?rest_route=\/wp\/v2\/pages"}],"about":[{"href":"https:\/\/www.runsolutions.com\/index.php?rest_route=\/wp\/v2\/types\/page"}],"author":[{"embeddable":true,"href":"https:\/\/www.runsolutions.com\/index.php?rest_route=\/wp\/v2\/users\/2"}],"replies":[{"embeddable":true,"href":"https:\/\/www.runsolutions.com\/index.php?rest_route=%2Fwp%2Fv2%2Fcomments&post=424"}],"version-history":[{"count":2,"href":"https:\/\/www.runsolutions.com\/index.php?rest_route=\/wp\/v2\/pages\/424\/revisions"}],"predecessor-version":[{"id":428,"href":"https:\/\/www.runsolutions.com\/index.php?rest_route=\/wp\/v2\/pages\/424\/revisions\/428"}],"wp:attachment":[{"href":"https:\/\/www.runsolutions.com\/index.php?rest_route=%2Fwp%2Fv2%2Fmedia&parent=424"}],"curies":[{"name":"wp","href":"https:\/\/api.w.org\/{rel}","templated":true}]}}