{"id":9,"date":"2015-10-26T11:46:23","date_gmt":"2015-10-26T11:46:23","guid":{"rendered":"http:\/\/www.runsolutions.com\/?page_id=9"},"modified":"2018-02-01T12:21:45","modified_gmt":"2018-02-01T11:21:45","slug":"inicio","status":"publish","type":"page","link":"https:\/\/www.runsolutions.com\/","title":{"rendered":"RUNSOLUTIONS &#8211; Consultor\u00eda Open Source"},"content":{"rendered":"<div class=\"fusion-title title fusion-title-size-two tituloSlider\"><h2 class=\"title-heading-left\">DESTACADO<\/h2><div class=\"title-sep-container\"><div class=\"title-sep sep-none\"><\/div><\/div><\/div><div class=\"fusion-one-third one_third fusion-layout-column fusion-spacing-yes inicioProducts\" id=\"inicioOpenStack\" style=\"margin-top:0px;margin-bottom:20px;\"><div class=\"fusion-column-wrapper\"><p><a href=\"https:\/\/www.runsolutions.com\/productos\/openstack\/\"><img decoding=\"async\" loading=\"lazy\" width=\"120\" height=\"141\" class=\"alignnone size-full wp-image-55\" src=\"https:\/\/www.runsolutions.com\/wp-content\/uploads\/2015\/10\/cloud.png\" alt=\"cloud\" \/><\/a><\/p>\n<div class=\"titulo\"><a href=\"https:\/\/www.runsolutions.com\/productos\/openstack\/\">OpenStack<\/a> es la plataforma IaaS de cloud computing de c\u00f3digo abierto l\u00edder en adopci\u00f3n.<\/div>\n<p>Empresas de todos los sectores y tama\u00f1os adoptan OpenStack como parte de su estrategia de migraci\u00f3n a la nube.<\/p>\n<p>C\u00f3mo partners de Ubuntu Cloud le ayudaremos al dise\u00f1o y despliegue. Ubuntu Openstack es el sistema operativo por excelencia de OpenStack, en el que se basan m\u00e1s del 55% de los despliegues de OpenStack en producci\u00f3n en el mundo.<\/p>\n<p><a href=\"https:\/\/www.runsolutions.com\/productos\/openstack\/\">Leer m\u00e1s<\/a><\/p>\n<\/div><\/div><div class=\"fusion-one-third one_third fusion-layout-column fusion-spacing-yes inicioProducts\" id=\"inicioNoMachine\" style=\"margin-top:0px;margin-bottom:20px;\"><div class=\"fusion-column-wrapper\"><p><a href=\"https:\/\/www.runsolutions.com\/productos\/nomachine\/\"><img decoding=\"async\" class=\"alignnone size-full wp-image-55\" src=\"https:\/\/www.runsolutions.com\/wp-content\/uploads\/2015\/10\/remote.png\" alt=\"cloud\" \/><\/a><\/p>\n<div class=\"titulo\"><a href=\"https:\/\/www.runsolutions.com\/productos\/nomachine\/\">NoMachine<\/a> Enterprise Server es el producto VDI para las empresas que aprovechan entornos heterog\u00e9neos.<\/div>\n<p>Windows, Mac, Linux y estaciones de trabajo Unix, con los hipervisors mas populares como Xen, KVM, Vmware, HiperV es perfecto para el despliegue en su Cloud Escritorio-aaS junto a sus componentes Open Source.<\/p>\n<p>Con NoMachine su escritorio remoto es altamente funcional, como si estuviera realmente delante de su ordenador. No s\u00f3lo la pantalla, el teclado, el rat\u00f3n impresoras, usb, smart cards y todos los dispositivos disponibles en el servidor.<\/p>\n<p><a href=\"https:\/\/www.runsolutions.com\/productos\/nomachine\/\">Leer m\u00e1s<\/a><\/p>\n<\/div><\/div><div class=\"fusion-one-third one_third fusion-layout-column fusion-column-last fusion-spacing-yes inicioProducts\" id=\"inicioBacula\" style=\"margin-top:0px;margin-bottom:20px;\"><div class=\"fusion-column-wrapper\"><p><a href=\"https:\/\/www.runsolutions.com\/productos\/nomachine\/\"><img decoding=\"async\" class=\"alignnone size-full wp-image-55\" src=\"https:\/\/www.runsolutions.com\/wp-content\/uploads\/2015\/10\/backup.png\" alt=\"backup\" \/><\/a><\/p>\n<div class=\"titulo\"><a href=\"https:\/\/www.runsolutions.com\/productos\/nomachine\/\">Bacula<\/a> es lider en backup and recovery en el mundo open source.<\/div>\n<p>Backup Enterprise es la soluci\u00f3n para empresas proveedoras de servicios, de soluciones Cloud y centros de datos que ya han confiado en nosotros para hacer copias de seguridad, restaurar y recuperaci\u00f3n de desastres.<\/p>\n<p>Con Bacula Cloud obtendr\u00e1 la flexibilidad, robustez, escalabilidad y la libertad necesaria sin costes a\u00f1adidos por volumen de datos o por n\u00famero de CPU\u2019s c\u00f3mo otras soluciones de la competencia.<\/p>\n<p><a href=\"https:\/\/www.runsolutions.com\/productos\/bacula\/\">Leer m\u00e1s<\/a><\/p>\n<\/div><\/div><div class=\"fusion-clearfix\"><\/div><div class=\"fusion-title title fusion-title-size-one\" id=\"titleActualidad\"><h1 class=\"title-heading-left\">ACTUALIDAD<\/h1><div class=\"title-sep-container\"><div class=\"title-sep sep-double\"><\/div><\/div><\/div><div class=\"fusion-recent-posts avada-container layout-default layout-columns-3\"><section class=\"fusion-columns columns fusion-columns-3 columns-3\"><div class=\"fusion-column column col col-lg-4 col-md-4 col-sm-4\"><div class=\"recent-posts-content\"><span class=\"vcard\" style=\"display: none;\"><span class=\"fn\"><a href=\"https:\/\/www.runsolutions.com\/?author=2\" title=\"Entradas de Toni\" rel=\"author\">Toni<\/a><\/span><\/span><span class=\"updated\" style=\"display:none;\">2020-03-10T10:22:39+01:00<\/span><h4 class=\"entry-title\"><a href=\"https:\/\/www.runsolutions.com\/?p=419\">PBX Asterisk 15 y sus nuevas features<\/a><\/h4><p class=\"meta\"><span><span class=\"date\">marzo 9th, 2018<\/span><\/span><span class=\"meta-separator\">|<\/span><span><span>Comentarios desactivados<span class=\"screen-reader-text\"> en PBX Asterisk 15 y sus nuevas features<\/span><\/span><\/span><\/p><p>Aunque Asterisk 15 est\u00e1 m\u00e1s enfocada a la inclusi\u00f3n de novedades frente a estabilidad, esta nos marca el camino a las nuevas versiones. Las principales novedades que incorporar\u00e1 Asterisk 15 podemos encontrar.<\/p>\n<p>&nbsp;<\/p>\n<p> \tIntegrar clientes WebRTC<\/p>\n<\/div><\/div><div class=\"fusion-column column col col-lg-4 col-md-4 col-sm-4\"><div class=\"recent-posts-content\"><span class=\"vcard\" style=\"display: none;\"><span class=\"fn\"><a href=\"https:\/\/www.runsolutions.com\/?author=2\" title=\"Entradas de Toni\" rel=\"author\">Toni<\/a><\/span><\/span><span class=\"updated\" style=\"display:none;\">2018-02-01T12:24:11+01:00<\/span><h4 class=\"entry-title\"><a href=\"https:\/\/www.runsolutions.com\/?p=404\">Keynotes: Maximizar la velocidad y desarrollo de los containers<\/a><\/h4><p class=\"meta\"><span><span class=\"date\">enero 31st, 2018<\/span><\/span><span class=\"meta-separator\">|<\/span><span><a href=\"https:\/\/www.runsolutions.com\/?p=404#respond\">0 Comentarios<\/a><\/span><\/p><p>Los contenedores son una de las tecnolog\u00edas m\u00e1s emocionantes de la nube en este momento. Pero cuando se trata de su estrategia de TI, \u00bfcu\u00e1l es el mejor punto de partida? Con tantas opciones y<\/p>\n<\/div><\/div><div class=\"fusion-column column col col-lg-4 col-md-4 col-sm-4\"><div class=\"recent-posts-content\"><span class=\"vcard\" style=\"display: none;\"><span class=\"fn\"><a href=\"https:\/\/www.runsolutions.com\/?author=2\" title=\"Entradas de Toni\" rel=\"author\">Toni<\/a><\/span><\/span><span class=\"updated\" style=\"display:none;\">2018-02-01T11:59:00+01:00<\/span><h4 class=\"entry-title\"><a href=\"https:\/\/www.runsolutions.com\/?p=398\">GUIs para monitorizar tu Cluster Kubernetes<\/a><\/h4><p class=\"meta\"><span><span class=\"date\">enero 31st, 2018<\/span><\/span><span class=\"meta-separator\">|<\/span><span><a href=\"https:\/\/www.runsolutions.com\/?p=398#respond\">0 Comentarios<\/a><\/span><\/p><p>Vigilar los registros y las m\u00e9tricas es un mal necesario para los administradores de cl\u00fasteres. Los beneficios son claros: las m\u00e9tricas le ayudan a establecer objetivos de rendimiento razonables, mientras que el an\u00e1lisis de registros<\/p>\n<\/div><\/div><div class=\"fusion-clearfix\"><\/div><div class=\"fusion-column column col col-lg-4 col-md-4 col-sm-4\"><div class=\"recent-posts-content\"><span class=\"vcard\" style=\"display: none;\"><span class=\"fn\"><a href=\"https:\/\/www.runsolutions.com\/?author=2\" title=\"Entradas de Toni\" rel=\"author\">Toni<\/a><\/span><\/span><span class=\"updated\" style=\"display:none;\">2018-02-01T11:59:26+01:00<\/span><h4 class=\"entry-title\"><a href=\"https:\/\/www.runsolutions.com\/?p=393\">Docker EE Certificaci\u00f3n Kubernetes<\/a><\/h4><p class=\"meta\"><span><span class=\"date\">enero 23rd, 2018<\/span><\/span><span class=\"meta-separator\">|<\/span><span><a href=\"https:\/\/www.runsolutions.com\/?p=393#respond\">0 Comentarios<\/a><\/span><\/p><p>Recientemente la Cloud Native Computing Foundation\u00ae (CNCF\u00ae) anunci\u00f3 que Docker Enterprise Edition (Docker EE) aprob\u00f3 el programa de certificaci\u00f3n Kubernetes &#x2122;,  los usuarios de Docker EE tambi\u00e9n tendr\u00e1n acceso a las capacidades avanzadas de<\/p>\n<\/div><\/div><\/section><\/div>\n","protected":false},"excerpt":{"rendered":"","protected":false},"author":1,"featured_media":0,"parent":0,"menu_order":0,"comment_status":"closed","ping_status":"closed","template":"","meta":{"footnotes":""},"_links":{"self":[{"href":"https:\/\/www.runsolutions.com\/index.php?rest_route=\/wp\/v2\/pages\/9"}],"collection":[{"href":"https:\/\/www.runsolutions.com\/index.php?rest_route=\/wp\/v2\/pages"}],"about":[{"href":"https:\/\/www.runsolutions.com\/index.php?rest_route=\/wp\/v2\/types\/page"}],"author":[{"embeddable":true,"href":"https:\/\/www.runsolutions.com\/index.php?rest_route=\/wp\/v2\/users\/1"}],"replies":[{"embeddable":true,"href":"https:\/\/www.runsolutions.com\/index.php?rest_route=%2Fwp%2Fv2%2Fcomments&post=9"}],"version-history":[{"count":29,"href":"https:\/\/www.runsolutions.com\/index.php?rest_route=\/wp\/v2\/pages\/9\/revisions"}],"predecessor-version":[{"id":343,"href":"https:\/\/www.runsolutions.com\/index.php?rest_route=\/wp\/v2\/pages\/9\/revisions\/343"}],"wp:attachment":[{"href":"https:\/\/www.runsolutions.com\/index.php?rest_route=%2Fwp%2Fv2%2Fmedia&parent=9"}],"curies":[{"name":"wp","href":"https:\/\/api.w.org\/{rel}","templated":true}]}}